{"id":8802,"date":"2022-02-15T07:23:26","date_gmt":"2022-02-15T07:23:26","guid":{"rendered":"https:\/\/dev-v2.graecherhof.ch\/product\/classic\/"},"modified":"2025-01-09T09:09:23","modified_gmt":"2025-01-09T09:09:23","slug":"classic","status":"publish","type":"product","link":"https:\/\/graecherhof.ch\/de\/produkt\/classic\/","title":{"rendered":"Classic"},"content":{"rendered":"<p>Ein Zimmer mit Bergblick auf der Ostseite und einem kleinen Badezimmer. M\u00f6gliche Belegung: 2 Erwachsene, zus\u00e4tzlich ein extra Einzelsofa oder ein Babybett m\u00f6glich.<\/p>\n","protected":false},"excerpt":{"rendered":"<p>Luxury Room showcase lofty, bright interiors with elegantly finished timber floors. With open-plan design, this room offers an ideal space for relaxation.<\/p>\n","protected":false},"featured_media":9863,"comment_status":"open","ping_status":"closed","template":"","meta":[],"product_brand":[],"product_cat":[78,79],"product_tag":[80],"class_list":{"0":"post-8802","1":"product","2":"type-product","3":"status-publish","4":"has-post-thumbnail","6":"product_cat-all-hotels-de","7":"product_cat-standard-de","8":"product_tag-classic-de","10":"first","11":"instock","12":"featured","13":"shipping-taxable","14":"purchasable","15":"product-type-ovabrw_car_rental"},"yoast_head":"<!-- This site is optimized with the Yoast SEO plugin v27.5 - https:\/\/yoast.com\/product\/yoast-seo-wordpress\/ -->\n<title>Classic - Graecherhof<\/title>\n<meta name=\"robots\" content=\"index, follow, max-snippet:-1, max-image-preview:large, max-video-preview:-1\" \/>\n<link rel=\"canonical\" href=\"https:\/\/graecherhof.ch\/de\/produkt\/classic\/\" \/>\n<meta property=\"og:locale\" content=\"de_DE\" \/>\n<meta property=\"og:type\" content=\"article\" \/>\n<meta property=\"og:title\" content=\"Classic - Graecherhof\" \/>\n<meta property=\"og:description\" content=\"Luxury Room showcase lofty, bright interiors with elegantly finished timber floors. With open-plan design, this room offers an ideal space for relaxation.\" \/>\n<meta property=\"og:url\" content=\"https:\/\/graecherhof.ch\/de\/produkt\/classic\/\" \/>\n<meta property=\"og:site_name\" content=\"Graecherhof\" \/>\n<meta property=\"article:modified_time\" content=\"2025-01-09T09:09:23+00:00\" \/>\n<meta property=\"og:image\" content=\"https:\/\/graecherhof.ch\/wp-content\/uploads\/2022\/02\/fc5fa73e88898d89e29f3dd597ebf135-1.jpg\" \/>\n\t<meta property=\"og:image:width\" content=\"1707\" \/>\n\t<meta property=\"og:image:height\" content=\"1707\" \/>\n\t<meta property=\"og:image:type\" content=\"image\/jpeg\" \/>\n<meta name=\"twitter:card\" content=\"summary_large_image\" \/>\n<meta name=\"twitter:label1\" content=\"Gesch\u00e4tzte Lesezeit\" \/>\n\t<meta name=\"twitter:data1\" content=\"1\u00a0Minute\" \/>\n<script type=\"application\/ld+json\" class=\"yoast-schema-graph\">{\"@context\":\"https:\\\/\\\/schema.org\",\"@graph\":[{\"@type\":\"WebPage\",\"@id\":\"https:\\\/\\\/graecherhof.ch\\\/de\\\/produkt\\\/classic\\\/\",\"url\":\"https:\\\/\\\/graecherhof.ch\\\/de\\\/produkt\\\/classic\\\/\",\"name\":\"Classic - Graecherhof\",\"isPartOf\":{\"@id\":\"https:\\\/\\\/graecherhof.ch\\\/#website\"},\"primaryImageOfPage\":{\"@id\":\"https:\\\/\\\/graecherhof.ch\\\/de\\\/produkt\\\/classic\\\/#primaryimage\"},\"image\":{\"@id\":\"https:\\\/\\\/graecherhof.ch\\\/de\\\/produkt\\\/classic\\\/#primaryimage\"},\"thumbnailUrl\":\"https:\\\/\\\/graecherhof.ch\\\/wp-content\\\/uploads\\\/2022\\\/02\\\/33b2e6d1f60d4134a059b2eca3272be7.jpg\",\"datePublished\":\"2022-02-15T07:23:26+00:00\",\"dateModified\":\"2025-01-09T09:09:23+00:00\",\"breadcrumb\":{\"@id\":\"https:\\\/\\\/graecherhof.ch\\\/de\\\/produkt\\\/classic\\\/#breadcrumb\"},\"inLanguage\":\"de\",\"potentialAction\":[{\"@type\":\"ReadAction\",\"target\":[\"https:\\\/\\\/graecherhof.ch\\\/de\\\/produkt\\\/classic\\\/\"]}]},{\"@type\":\"ImageObject\",\"inLanguage\":\"de\",\"@id\":\"https:\\\/\\\/graecherhof.ch\\\/de\\\/produkt\\\/classic\\\/#primaryimage\",\"url\":\"https:\\\/\\\/graecherhof.ch\\\/wp-content\\\/uploads\\\/2022\\\/02\\\/33b2e6d1f60d4134a059b2eca3272be7.jpg\",\"contentUrl\":\"https:\\\/\\\/graecherhof.ch\\\/wp-content\\\/uploads\\\/2022\\\/02\\\/33b2e6d1f60d4134a059b2eca3272be7.jpg\",\"width\":1280,\"height\":853,\"caption\":\"Cozy premium room with stunning Gr\u00e4chen mountain views at Hotel Gr\u00e4cherhof\"},{\"@type\":\"BreadcrumbList\",\"@id\":\"https:\\\/\\\/graecherhof.ch\\\/de\\\/produkt\\\/classic\\\/#breadcrumb\",\"itemListElement\":[{\"@type\":\"ListItem\",\"position\":1,\"name\":\"Home\",\"item\":\"https:\\\/\\\/graecherhof.ch\\\/de\\\/\"},{\"@type\":\"ListItem\",\"position\":2,\"name\":\"Shop\",\"item\":\"https:\\\/\\\/graecherhof.ch\\\/shop\\\/\"},{\"@type\":\"ListItem\",\"position\":3,\"name\":\"Classic\"}]},{\"@type\":\"WebSite\",\"@id\":\"https:\\\/\\\/graecherhof.ch\\\/#website\",\"url\":\"https:\\\/\\\/graecherhof.ch\\\/\",\"name\":\"Graecherhof\",\"description\":\"Hotel &amp; SPA\",\"potentialAction\":[{\"@type\":\"SearchAction\",\"target\":{\"@type\":\"EntryPoint\",\"urlTemplate\":\"https:\\\/\\\/graecherhof.ch\\\/?s={search_term_string}\"},\"query-input\":{\"@type\":\"PropertyValueSpecification\",\"valueRequired\":true,\"valueName\":\"search_term_string\"}}],\"inLanguage\":\"de\"}]}<\/script>\n<!-- \/ Yoast SEO plugin. -->","yoast_head_json":{"title":"Classic - Graecherhof","robots":{"index":"index","follow":"follow","max-snippet":"max-snippet:-1","max-image-preview":"max-image-preview:large","max-video-preview":"max-video-preview:-1"},"canonical":"https:\/\/graecherhof.ch\/de\/produkt\/classic\/","og_locale":"de_DE","og_type":"article","og_title":"Classic - Graecherhof","og_description":"Luxury Room showcase lofty, bright interiors with elegantly finished timber floors. With open-plan design, this room offers an ideal space for relaxation.","og_url":"https:\/\/graecherhof.ch\/de\/produkt\/classic\/","og_site_name":"Graecherhof","article_modified_time":"2025-01-09T09:09:23+00:00","og_image":[{"width":1707,"height":1707,"url":"https:\/\/graecherhof.ch\/wp-content\/uploads\/2022\/02\/fc5fa73e88898d89e29f3dd597ebf135-1.jpg","type":"image\/jpeg"}],"twitter_card":"summary_large_image","twitter_misc":{"Gesch\u00e4tzte Lesezeit":"1\u00a0Minute"},"schema":{"@context":"https:\/\/schema.org","@graph":[{"@type":"WebPage","@id":"https:\/\/graecherhof.ch\/de\/produkt\/classic\/","url":"https:\/\/graecherhof.ch\/de\/produkt\/classic\/","name":"Classic - Graecherhof","isPartOf":{"@id":"https:\/\/graecherhof.ch\/#website"},"primaryImageOfPage":{"@id":"https:\/\/graecherhof.ch\/de\/produkt\/classic\/#primaryimage"},"image":{"@id":"https:\/\/graecherhof.ch\/de\/produkt\/classic\/#primaryimage"},"thumbnailUrl":"https:\/\/graecherhof.ch\/wp-content\/uploads\/2022\/02\/33b2e6d1f60d4134a059b2eca3272be7.jpg","datePublished":"2022-02-15T07:23:26+00:00","dateModified":"2025-01-09T09:09:23+00:00","breadcrumb":{"@id":"https:\/\/graecherhof.ch\/de\/produkt\/classic\/#breadcrumb"},"inLanguage":"de","potentialAction":[{"@type":"ReadAction","target":["https:\/\/graecherhof.ch\/de\/produkt\/classic\/"]}]},{"@type":"ImageObject","inLanguage":"de","@id":"https:\/\/graecherhof.ch\/de\/produkt\/classic\/#primaryimage","url":"https:\/\/graecherhof.ch\/wp-content\/uploads\/2022\/02\/33b2e6d1f60d4134a059b2eca3272be7.jpg","contentUrl":"https:\/\/graecherhof.ch\/wp-content\/uploads\/2022\/02\/33b2e6d1f60d4134a059b2eca3272be7.jpg","width":1280,"height":853,"caption":"Cozy premium room with stunning Gr\u00e4chen mountain views at Hotel Gr\u00e4cherhof"},{"@type":"BreadcrumbList","@id":"https:\/\/graecherhof.ch\/de\/produkt\/classic\/#breadcrumb","itemListElement":[{"@type":"ListItem","position":1,"name":"Home","item":"https:\/\/graecherhof.ch\/de\/"},{"@type":"ListItem","position":2,"name":"Shop","item":"https:\/\/graecherhof.ch\/shop\/"},{"@type":"ListItem","position":3,"name":"Classic"}]},{"@type":"WebSite","@id":"https:\/\/graecherhof.ch\/#website","url":"https:\/\/graecherhof.ch\/","name":"Graecherhof","description":"Hotel &amp; SPA","potentialAction":[{"@type":"SearchAction","target":{"@type":"EntryPoint","urlTemplate":"https:\/\/graecherhof.ch\/?s={search_term_string}"},"query-input":{"@type":"PropertyValueSpecification","valueRequired":true,"valueName":"search_term_string"}}],"inLanguage":"de"}]}},"_links":{"self":[{"href":"https:\/\/graecherhof.ch\/de\/wp-json\/wp\/v2\/product\/8802","targetHints":{"allow":["GET"]}}],"collection":[{"href":"https:\/\/graecherhof.ch\/de\/wp-json\/wp\/v2\/product"}],"about":[{"href":"https:\/\/graecherhof.ch\/de\/wp-json\/wp\/v2\/types\/product"}],"replies":[{"embeddable":true,"href":"https:\/\/graecherhof.ch\/de\/wp-json\/wp\/v2\/comments?post=8802"}],"wp:featuredmedia":[{"embeddable":true,"href":"https:\/\/graecherhof.ch\/de\/wp-json\/wp\/v2\/media\/9863"}],"wp:attachment":[{"href":"https:\/\/graecherhof.ch\/de\/wp-json\/wp\/v2\/media?parent=8802"}],"wp:term":[{"taxonomy":"product_brand","embeddable":true,"href":"https:\/\/graecherhof.ch\/de\/wp-json\/wp\/v2\/product_brand?post=8802"},{"taxonomy":"product_cat","embeddable":true,"href":"https:\/\/graecherhof.ch\/de\/wp-json\/wp\/v2\/product_cat?post=8802"},{"taxonomy":"product_tag","embeddable":true,"href":"https:\/\/graecherhof.ch\/de\/wp-json\/wp\/v2\/product_tag?post=8802"}],"curies":[{"name":"wp","href":"https:\/\/api.w.org\/{rel}","templated":true}]}}