{"id":9573,"date":"2025-02-11T14:21:38","date_gmt":"2025-02-11T14:21:38","guid":{"rendered":"https:\/\/graecherhof.ch\/?post_type=product&#038;p=9573"},"modified":"2025-02-12T12:18:00","modified_gmt":"2025-02-12T12:18:00","slug":"spa-studio","status":"publish","type":"product","link":"https:\/\/graecherhof.ch\/de\/produkt\/spa-studio\/","title":{"rendered":"Spa Studio"},"content":{"rendered":"<p style=\"font-weight: 400;\">In einer exklusiven Dependance gegen\u00fcber dem Hotel Gr\u00e4cherhof gelegen, bietet dieses luxuri\u00f6se SPA-Studio einen ruhigen und komfortablen R\u00fcckzugsort. Es ist der perfekte Ort f\u00fcr eine entspannende Auszeit, bei dem Sie gleichzeitig den Service des Hotels genie\u00dfen k\u00f6nnen.<\/p>\n<p style=\"font-weight: 400;\">Das Studio ist mit folgenden Annehmlichkeiten ausgestattet:<\/p>\n<ul style=\"font-weight: 400;\">\n<li>1 Doppelbett f\u00fcr erholsame N\u00e4chte<\/li>\n<li>Flachbildfernseher<\/li>\n<li>Nespresso-Kaffeemaschine<\/li>\n<li>Elegante Dusche\/WC<\/li>\n<li>Whirlpool f\u00fcr ein unvergleichliches Wellness-Erlebnis<\/li>\n<li>Sauna f\u00fcr ultimative Entspannung<\/li>\n<\/ul>\n","protected":false},"excerpt":{"rendered":"<p>In einer exklusiven Dependance gegen\u00fcber dem Hotel Gr\u00e4cherhof gelegen, bietet dieses luxuri\u00f6se SPA-Studio einen ruhigen und komfortablen R\u00fcckzugsort. Es ist der perfekte Ort f\u00fcr eine entspannende Auszeit, bei dem Sie gleichzeitig den Service des Hotels genie\u00dfen k\u00f6nnen. Das Studio ist mit folgenden Annehmlichkeiten ausgestattet: 1 Doppelbett f\u00fcr erholsame N\u00e4chte Flachbildfernseher Nespresso-Kaffeemaschine Elegante Dusche\/WC Whirlpool f\u00fcr [&hellip;]<\/p>\n","protected":false},"featured_media":9824,"comment_status":"open","ping_status":"closed","template":"","meta":[],"product_brand":[],"product_cat":[67],"product_tag":[106],"class_list":{"0":"post-9573","1":"product","2":"type-product","3":"status-publish","4":"has-post-thumbnail","6":"product_cat-familie","7":"product_tag-spa-studio-de","9":"first","10":"instock","11":"shipping-taxable","12":"product-type-ovabrw_car_rental"},"yoast_head":"<!-- This site is optimized with the Yoast SEO plugin v27.5 - https:\/\/yoast.com\/product\/yoast-seo-wordpress\/ -->\n<title>Spa Studio - Graecherhof<\/title>\n<meta name=\"robots\" content=\"index, follow, max-snippet:-1, max-image-preview:large, max-video-preview:-1\" \/>\n<link rel=\"canonical\" href=\"https:\/\/graecherhof.ch\/de\/produkt\/spa-studio\/\" \/>\n<meta property=\"og:locale\" content=\"de_DE\" \/>\n<meta property=\"og:type\" content=\"article\" \/>\n<meta property=\"og:title\" content=\"Spa Studio - Graecherhof\" \/>\n<meta property=\"og:description\" content=\"In einer exklusiven Dependance gegen\u00fcber dem Hotel Gr\u00e4cherhof gelegen, bietet dieses luxuri\u00f6se SPA-Studio einen ruhigen und komfortablen R\u00fcckzugsort. Es ist der perfekte Ort f\u00fcr eine entspannende Auszeit, bei dem Sie gleichzeitig den Service des Hotels genie\u00dfen k\u00f6nnen. Das Studio ist mit folgenden Annehmlichkeiten ausgestattet: 1 Doppelbett f\u00fcr erholsame N\u00e4chte Flachbildfernseher Nespresso-Kaffeemaschine Elegante Dusche\/WC Whirlpool f\u00fcr [&hellip;]\" \/>\n<meta property=\"og:url\" content=\"https:\/\/graecherhof.ch\/de\/produkt\/spa-studio\/\" \/>\n<meta property=\"og:site_name\" content=\"Graecherhof\" \/>\n<meta property=\"article:modified_time\" content=\"2025-02-12T12:18:00+00:00\" \/>\n<meta property=\"og:image\" content=\"https:\/\/graecherhof.ch\/wp-content\/uploads\/2025\/02\/PHOTO-2025-02-10-08-55-48.jpg\" \/>\n\t<meta property=\"og:image:width\" content=\"1536\" \/>\n\t<meta property=\"og:image:height\" content=\"2048\" \/>\n\t<meta property=\"og:image:type\" content=\"image\/jpeg\" \/>\n<meta name=\"twitter:card\" content=\"summary_large_image\" \/>\n<meta name=\"twitter:label1\" content=\"Gesch\u00e4tzte Lesezeit\" \/>\n\t<meta name=\"twitter:data1\" content=\"1\u00a0Minute\" \/>\n<script type=\"application\/ld+json\" class=\"yoast-schema-graph\">{\"@context\":\"https:\\\/\\\/schema.org\",\"@graph\":[{\"@type\":\"WebPage\",\"@id\":\"https:\\\/\\\/graecherhof.ch\\\/de\\\/produkt\\\/spa-studio\\\/\",\"url\":\"https:\\\/\\\/graecherhof.ch\\\/de\\\/produkt\\\/spa-studio\\\/\",\"name\":\"Spa Studio - Graecherhof\",\"isPartOf\":{\"@id\":\"https:\\\/\\\/graecherhof.ch\\\/#website\"},\"primaryImageOfPage\":{\"@id\":\"https:\\\/\\\/graecherhof.ch\\\/de\\\/produkt\\\/spa-studio\\\/#primaryimage\"},\"image\":{\"@id\":\"https:\\\/\\\/graecherhof.ch\\\/de\\\/produkt\\\/spa-studio\\\/#primaryimage\"},\"thumbnailUrl\":\"https:\\\/\\\/graecherhof.ch\\\/wp-content\\\/uploads\\\/2025\\\/02\\\/PHOTO-2025-02-10-08-55-46-2-1-1-1-1.png\",\"datePublished\":\"2025-02-11T14:21:38+00:00\",\"dateModified\":\"2025-02-12T12:18:00+00:00\",\"breadcrumb\":{\"@id\":\"https:\\\/\\\/graecherhof.ch\\\/de\\\/produkt\\\/spa-studio\\\/#breadcrumb\"},\"inLanguage\":\"de\",\"potentialAction\":[{\"@type\":\"ReadAction\",\"target\":[\"https:\\\/\\\/graecherhof.ch\\\/de\\\/produkt\\\/spa-studio\\\/\"]}]},{\"@type\":\"ImageObject\",\"inLanguage\":\"de\",\"@id\":\"https:\\\/\\\/graecherhof.ch\\\/de\\\/produkt\\\/spa-studio\\\/#primaryimage\",\"url\":\"https:\\\/\\\/graecherhof.ch\\\/wp-content\\\/uploads\\\/2025\\\/02\\\/PHOTO-2025-02-10-08-55-46-2-1-1-1-1.png\",\"contentUrl\":\"https:\\\/\\\/graecherhof.ch\\\/wp-content\\\/uploads\\\/2025\\\/02\\\/PHOTO-2025-02-10-08-55-46-2-1-1-1-1.png\",\"width\":844,\"height\":535,\"caption\":\"Elegant and spacious hotel room at Hotel Gr\u00e4cherhof, perfect for a Swiss Alps getaway\"},{\"@type\":\"BreadcrumbList\",\"@id\":\"https:\\\/\\\/graecherhof.ch\\\/de\\\/produkt\\\/spa-studio\\\/#breadcrumb\",\"itemListElement\":[{\"@type\":\"ListItem\",\"position\":1,\"name\":\"Home\",\"item\":\"https:\\\/\\\/graecherhof.ch\\\/de\\\/\"},{\"@type\":\"ListItem\",\"position\":2,\"name\":\"Shop\",\"item\":\"https:\\\/\\\/graecherhof.ch\\\/shop\\\/\"},{\"@type\":\"ListItem\",\"position\":3,\"name\":\"Spa Studio\"}]},{\"@type\":\"WebSite\",\"@id\":\"https:\\\/\\\/graecherhof.ch\\\/#website\",\"url\":\"https:\\\/\\\/graecherhof.ch\\\/\",\"name\":\"Graecherhof\",\"description\":\"Hotel &amp; SPA\",\"potentialAction\":[{\"@type\":\"SearchAction\",\"target\":{\"@type\":\"EntryPoint\",\"urlTemplate\":\"https:\\\/\\\/graecherhof.ch\\\/?s={search_term_string}\"},\"query-input\":{\"@type\":\"PropertyValueSpecification\",\"valueRequired\":true,\"valueName\":\"search_term_string\"}}],\"inLanguage\":\"de\"}]}<\/script>\n<!-- \/ Yoast SEO plugin. -->","yoast_head_json":{"title":"Spa Studio - Graecherhof","robots":{"index":"index","follow":"follow","max-snippet":"max-snippet:-1","max-image-preview":"max-image-preview:large","max-video-preview":"max-video-preview:-1"},"canonical":"https:\/\/graecherhof.ch\/de\/produkt\/spa-studio\/","og_locale":"de_DE","og_type":"article","og_title":"Spa Studio - Graecherhof","og_description":"In einer exklusiven Dependance gegen\u00fcber dem Hotel Gr\u00e4cherhof gelegen, bietet dieses luxuri\u00f6se SPA-Studio einen ruhigen und komfortablen R\u00fcckzugsort. Es ist der perfekte Ort f\u00fcr eine entspannende Auszeit, bei dem Sie gleichzeitig den Service des Hotels genie\u00dfen k\u00f6nnen. Das Studio ist mit folgenden Annehmlichkeiten ausgestattet: 1 Doppelbett f\u00fcr erholsame N\u00e4chte Flachbildfernseher Nespresso-Kaffeemaschine Elegante Dusche\/WC Whirlpool f\u00fcr [&hellip;]","og_url":"https:\/\/graecherhof.ch\/de\/produkt\/spa-studio\/","og_site_name":"Graecherhof","article_modified_time":"2025-02-12T12:18:00+00:00","og_image":[{"width":1536,"height":2048,"url":"https:\/\/graecherhof.ch\/wp-content\/uploads\/2025\/02\/PHOTO-2025-02-10-08-55-48.jpg","type":"image\/jpeg"}],"twitter_card":"summary_large_image","twitter_misc":{"Gesch\u00e4tzte Lesezeit":"1\u00a0Minute"},"schema":{"@context":"https:\/\/schema.org","@graph":[{"@type":"WebPage","@id":"https:\/\/graecherhof.ch\/de\/produkt\/spa-studio\/","url":"https:\/\/graecherhof.ch\/de\/produkt\/spa-studio\/","name":"Spa Studio - Graecherhof","isPartOf":{"@id":"https:\/\/graecherhof.ch\/#website"},"primaryImageOfPage":{"@id":"https:\/\/graecherhof.ch\/de\/produkt\/spa-studio\/#primaryimage"},"image":{"@id":"https:\/\/graecherhof.ch\/de\/produkt\/spa-studio\/#primaryimage"},"thumbnailUrl":"https:\/\/graecherhof.ch\/wp-content\/uploads\/2025\/02\/PHOTO-2025-02-10-08-55-46-2-1-1-1-1.png","datePublished":"2025-02-11T14:21:38+00:00","dateModified":"2025-02-12T12:18:00+00:00","breadcrumb":{"@id":"https:\/\/graecherhof.ch\/de\/produkt\/spa-studio\/#breadcrumb"},"inLanguage":"de","potentialAction":[{"@type":"ReadAction","target":["https:\/\/graecherhof.ch\/de\/produkt\/spa-studio\/"]}]},{"@type":"ImageObject","inLanguage":"de","@id":"https:\/\/graecherhof.ch\/de\/produkt\/spa-studio\/#primaryimage","url":"https:\/\/graecherhof.ch\/wp-content\/uploads\/2025\/02\/PHOTO-2025-02-10-08-55-46-2-1-1-1-1.png","contentUrl":"https:\/\/graecherhof.ch\/wp-content\/uploads\/2025\/02\/PHOTO-2025-02-10-08-55-46-2-1-1-1-1.png","width":844,"height":535,"caption":"Elegant and spacious hotel room at Hotel Gr\u00e4cherhof, perfect for a Swiss Alps getaway"},{"@type":"BreadcrumbList","@id":"https:\/\/graecherhof.ch\/de\/produkt\/spa-studio\/#breadcrumb","itemListElement":[{"@type":"ListItem","position":1,"name":"Home","item":"https:\/\/graecherhof.ch\/de\/"},{"@type":"ListItem","position":2,"name":"Shop","item":"https:\/\/graecherhof.ch\/shop\/"},{"@type":"ListItem","position":3,"name":"Spa Studio"}]},{"@type":"WebSite","@id":"https:\/\/graecherhof.ch\/#website","url":"https:\/\/graecherhof.ch\/","name":"Graecherhof","description":"Hotel &amp; SPA","potentialAction":[{"@type":"SearchAction","target":{"@type":"EntryPoint","urlTemplate":"https:\/\/graecherhof.ch\/?s={search_term_string}"},"query-input":{"@type":"PropertyValueSpecification","valueRequired":true,"valueName":"search_term_string"}}],"inLanguage":"de"}]}},"_links":{"self":[{"href":"https:\/\/graecherhof.ch\/de\/wp-json\/wp\/v2\/product\/9573","targetHints":{"allow":["GET"]}}],"collection":[{"href":"https:\/\/graecherhof.ch\/de\/wp-json\/wp\/v2\/product"}],"about":[{"href":"https:\/\/graecherhof.ch\/de\/wp-json\/wp\/v2\/types\/product"}],"replies":[{"embeddable":true,"href":"https:\/\/graecherhof.ch\/de\/wp-json\/wp\/v2\/comments?post=9573"}],"wp:featuredmedia":[{"embeddable":true,"href":"https:\/\/graecherhof.ch\/de\/wp-json\/wp\/v2\/media\/9824"}],"wp:attachment":[{"href":"https:\/\/graecherhof.ch\/de\/wp-json\/wp\/v2\/media?parent=9573"}],"wp:term":[{"taxonomy":"product_brand","embeddable":true,"href":"https:\/\/graecherhof.ch\/de\/wp-json\/wp\/v2\/product_brand?post=9573"},{"taxonomy":"product_cat","embeddable":true,"href":"https:\/\/graecherhof.ch\/de\/wp-json\/wp\/v2\/product_cat?post=9573"},{"taxonomy":"product_tag","embeddable":true,"href":"https:\/\/graecherhof.ch\/de\/wp-json\/wp\/v2\/product_tag?post=9573"}],"curies":[{"name":"wp","href":"https:\/\/api.w.org\/{rel}","templated":true}]}}