{"id":8814,"date":"2022-02-15T07:28:36","date_gmt":"2022-02-15T07:28:36","guid":{"rendered":"https:\/\/dev-v2.graecherhof.ch\/product\/prime\/"},"modified":"2025-01-18T15:34:13","modified_gmt":"2025-01-18T15:34:13","slug":"prime","status":"publish","type":"product","link":"https:\/\/graecherhof.ch\/fr\/produit\/prime\/","title":{"rendered":"Prime"},"content":{"rendered":"<p>Une grande chambre sup\u00e9rieure avec une vue panoramique sur les montagnes et un balcon c\u00f4t\u00e9 sud. Occupation possible : 2 adultes, en plus 1 canap\u00e9-lit simple suppl\u00e9mentaire\/lit d&rsquo;appoint ou lit b\u00e9b\u00e9 possible.<\/p>\n","protected":false},"excerpt":{"rendered":"<p>Avec un lit King en peluche, cette chambre a \u00e9t\u00e9 con\u00e7ue et d\u00e9cor\u00e9e pour vous permettre de vous sentir \u00e0 l&rsquo;aise dans un espace confortable et vous aider \u00e0 vous rafra\u00eechir l&rsquo;esprit et le corps.<\/p>\n","protected":false},"featured_media":10024,"comment_status":"open","ping_status":"closed","template":"","meta":[],"product_brand":[],"product_cat":[76],"product_tag":[82],"class_list":{"0":"post-8814","1":"product","2":"type-product","3":"status-publish","4":"has-post-thumbnail","6":"product_cat-standard-fr","7":"product_tag-prime","9":"first","10":"instock","11":"featured","12":"shipping-taxable","13":"purchasable","14":"product-type-ovabrw_car_rental"},"yoast_head":"<!-- This site is optimized with the Yoast SEO plugin v27.5 - https:\/\/yoast.com\/product\/yoast-seo-wordpress\/ -->\n<title>Prime - Graecherhof<\/title>\n<meta name=\"robots\" content=\"index, follow, max-snippet:-1, max-image-preview:large, max-video-preview:-1\" \/>\n<link rel=\"canonical\" href=\"https:\/\/graecherhof.ch\/fr\/produit\/prime\/\" \/>\n<meta property=\"og:locale\" content=\"fr_FR\" \/>\n<meta property=\"og:type\" content=\"article\" \/>\n<meta property=\"og:title\" content=\"Prime - Graecherhof\" \/>\n<meta property=\"og:description\" content=\"Avec un lit King en peluche, cette chambre a \u00e9t\u00e9 con\u00e7ue et d\u00e9cor\u00e9e pour vous permettre de vous sentir \u00e0 l&#039;aise dans un espace confortable et vous aider \u00e0 vous rafra\u00eechir l&#039;esprit et le corps.\" \/>\n<meta property=\"og:url\" content=\"https:\/\/graecherhof.ch\/fr\/produit\/prime\/\" \/>\n<meta property=\"og:site_name\" content=\"Graecherhof\" \/>\n<meta property=\"article:modified_time\" content=\"2025-01-18T15:34:13+00:00\" \/>\n<meta property=\"og:image\" content=\"https:\/\/graecherhof.ch\/wp-content\/uploads\/2022\/02\/b2ff3a5c11c811ca51965828125d7304-1.jpg\" \/>\n\t<meta property=\"og:image:width\" content=\"1022\" \/>\n\t<meta property=\"og:image:height\" content=\"1022\" \/>\n\t<meta property=\"og:image:type\" content=\"image\/jpeg\" \/>\n<meta name=\"twitter:card\" content=\"summary_large_image\" \/>\n<meta name=\"twitter:label1\" content=\"Dur\u00e9e de lecture estim\u00e9e\" \/>\n\t<meta name=\"twitter:data1\" content=\"1 minute\" \/>\n<script type=\"application\/ld+json\" class=\"yoast-schema-graph\">{\"@context\":\"https:\\\/\\\/schema.org\",\"@graph\":[{\"@type\":\"WebPage\",\"@id\":\"https:\\\/\\\/graecherhof.ch\\\/fr\\\/produit\\\/prime\\\/\",\"url\":\"https:\\\/\\\/graecherhof.ch\\\/fr\\\/produit\\\/prime\\\/\",\"name\":\"Prime - Graecherhof\",\"isPartOf\":{\"@id\":\"https:\\\/\\\/graecherhof.ch\\\/#website\"},\"primaryImageOfPage\":{\"@id\":\"https:\\\/\\\/graecherhof.ch\\\/fr\\\/produit\\\/prime\\\/#primaryimage\"},\"image\":{\"@id\":\"https:\\\/\\\/graecherhof.ch\\\/fr\\\/produit\\\/prime\\\/#primaryimage\"},\"thumbnailUrl\":\"https:\\\/\\\/graecherhof.ch\\\/wp-content\\\/uploads\\\/2022\\\/02\\\/2X8A0992-1.jpg\",\"datePublished\":\"2022-02-15T07:28:36+00:00\",\"dateModified\":\"2025-01-18T15:34:13+00:00\",\"breadcrumb\":{\"@id\":\"https:\\\/\\\/graecherhof.ch\\\/fr\\\/produit\\\/prime\\\/#breadcrumb\"},\"inLanguage\":\"fr-FR\",\"potentialAction\":[{\"@type\":\"ReadAction\",\"target\":[\"https:\\\/\\\/graecherhof.ch\\\/fr\\\/produit\\\/prime\\\/\"]}]},{\"@type\":\"ImageObject\",\"inLanguage\":\"fr-FR\",\"@id\":\"https:\\\/\\\/graecherhof.ch\\\/fr\\\/produit\\\/prime\\\/#primaryimage\",\"url\":\"https:\\\/\\\/graecherhof.ch\\\/wp-content\\\/uploads\\\/2022\\\/02\\\/2X8A0992-1.jpg\",\"contentUrl\":\"https:\\\/\\\/graecherhof.ch\\\/wp-content\\\/uploads\\\/2022\\\/02\\\/2X8A0992-1.jpg\",\"width\":2272,\"height\":2272,\"caption\":\"Elegant and spacious hotel room at Hotel Gr\u00e4cherhof, perfect for a Swiss Alps getaway\"},{\"@type\":\"BreadcrumbList\",\"@id\":\"https:\\\/\\\/graecherhof.ch\\\/fr\\\/produit\\\/prime\\\/#breadcrumb\",\"itemListElement\":[{\"@type\":\"ListItem\",\"position\":1,\"name\":\"Home\",\"item\":\"https:\\\/\\\/graecherhof.ch\\\/fr\\\/\"},{\"@type\":\"ListItem\",\"position\":2,\"name\":\"Shop\",\"item\":\"https:\\\/\\\/graecherhof.ch\\\/shop\\\/\"},{\"@type\":\"ListItem\",\"position\":3,\"name\":\"Prime\"}]},{\"@type\":\"WebSite\",\"@id\":\"https:\\\/\\\/graecherhof.ch\\\/#website\",\"url\":\"https:\\\/\\\/graecherhof.ch\\\/\",\"name\":\"Graecherhof\",\"description\":\"Hotel &amp; SPA\",\"potentialAction\":[{\"@type\":\"SearchAction\",\"target\":{\"@type\":\"EntryPoint\",\"urlTemplate\":\"https:\\\/\\\/graecherhof.ch\\\/?s={search_term_string}\"},\"query-input\":{\"@type\":\"PropertyValueSpecification\",\"valueRequired\":true,\"valueName\":\"search_term_string\"}}],\"inLanguage\":\"fr-FR\"}]}<\/script>\n<!-- \/ Yoast SEO plugin. -->","yoast_head_json":{"title":"Prime - Graecherhof","robots":{"index":"index","follow":"follow","max-snippet":"max-snippet:-1","max-image-preview":"max-image-preview:large","max-video-preview":"max-video-preview:-1"},"canonical":"https:\/\/graecherhof.ch\/fr\/produit\/prime\/","og_locale":"fr_FR","og_type":"article","og_title":"Prime - Graecherhof","og_description":"Avec un lit King en peluche, cette chambre a \u00e9t\u00e9 con\u00e7ue et d\u00e9cor\u00e9e pour vous permettre de vous sentir \u00e0 l'aise dans un espace confortable et vous aider \u00e0 vous rafra\u00eechir l'esprit et le corps.","og_url":"https:\/\/graecherhof.ch\/fr\/produit\/prime\/","og_site_name":"Graecherhof","article_modified_time":"2025-01-18T15:34:13+00:00","og_image":[{"width":1022,"height":1022,"url":"https:\/\/graecherhof.ch\/wp-content\/uploads\/2022\/02\/b2ff3a5c11c811ca51965828125d7304-1.jpg","type":"image\/jpeg"}],"twitter_card":"summary_large_image","twitter_misc":{"Dur\u00e9e de lecture estim\u00e9e":"1 minute"},"schema":{"@context":"https:\/\/schema.org","@graph":[{"@type":"WebPage","@id":"https:\/\/graecherhof.ch\/fr\/produit\/prime\/","url":"https:\/\/graecherhof.ch\/fr\/produit\/prime\/","name":"Prime - Graecherhof","isPartOf":{"@id":"https:\/\/graecherhof.ch\/#website"},"primaryImageOfPage":{"@id":"https:\/\/graecherhof.ch\/fr\/produit\/prime\/#primaryimage"},"image":{"@id":"https:\/\/graecherhof.ch\/fr\/produit\/prime\/#primaryimage"},"thumbnailUrl":"https:\/\/graecherhof.ch\/wp-content\/uploads\/2022\/02\/2X8A0992-1.jpg","datePublished":"2022-02-15T07:28:36+00:00","dateModified":"2025-01-18T15:34:13+00:00","breadcrumb":{"@id":"https:\/\/graecherhof.ch\/fr\/produit\/prime\/#breadcrumb"},"inLanguage":"fr-FR","potentialAction":[{"@type":"ReadAction","target":["https:\/\/graecherhof.ch\/fr\/produit\/prime\/"]}]},{"@type":"ImageObject","inLanguage":"fr-FR","@id":"https:\/\/graecherhof.ch\/fr\/produit\/prime\/#primaryimage","url":"https:\/\/graecherhof.ch\/wp-content\/uploads\/2022\/02\/2X8A0992-1.jpg","contentUrl":"https:\/\/graecherhof.ch\/wp-content\/uploads\/2022\/02\/2X8A0992-1.jpg","width":2272,"height":2272,"caption":"Elegant and spacious hotel room at Hotel Gr\u00e4cherhof, perfect for a Swiss Alps getaway"},{"@type":"BreadcrumbList","@id":"https:\/\/graecherhof.ch\/fr\/produit\/prime\/#breadcrumb","itemListElement":[{"@type":"ListItem","position":1,"name":"Home","item":"https:\/\/graecherhof.ch\/fr\/"},{"@type":"ListItem","position":2,"name":"Shop","item":"https:\/\/graecherhof.ch\/shop\/"},{"@type":"ListItem","position":3,"name":"Prime"}]},{"@type":"WebSite","@id":"https:\/\/graecherhof.ch\/#website","url":"https:\/\/graecherhof.ch\/","name":"Graecherhof","description":"Hotel &amp; SPA","potentialAction":[{"@type":"SearchAction","target":{"@type":"EntryPoint","urlTemplate":"https:\/\/graecherhof.ch\/?s={search_term_string}"},"query-input":{"@type":"PropertyValueSpecification","valueRequired":true,"valueName":"search_term_string"}}],"inLanguage":"fr-FR"}]}},"_links":{"self":[{"href":"https:\/\/graecherhof.ch\/fr\/wp-json\/wp\/v2\/product\/8814","targetHints":{"allow":["GET"]}}],"collection":[{"href":"https:\/\/graecherhof.ch\/fr\/wp-json\/wp\/v2\/product"}],"about":[{"href":"https:\/\/graecherhof.ch\/fr\/wp-json\/wp\/v2\/types\/product"}],"replies":[{"embeddable":true,"href":"https:\/\/graecherhof.ch\/fr\/wp-json\/wp\/v2\/comments?post=8814"}],"wp:featuredmedia":[{"embeddable":true,"href":"https:\/\/graecherhof.ch\/fr\/wp-json\/wp\/v2\/media\/10024"}],"wp:attachment":[{"href":"https:\/\/graecherhof.ch\/fr\/wp-json\/wp\/v2\/media?parent=8814"}],"wp:term":[{"taxonomy":"product_brand","embeddable":true,"href":"https:\/\/graecherhof.ch\/fr\/wp-json\/wp\/v2\/product_brand?post=8814"},{"taxonomy":"product_cat","embeddable":true,"href":"https:\/\/graecherhof.ch\/fr\/wp-json\/wp\/v2\/product_cat?post=8814"},{"taxonomy":"product_tag","embeddable":true,"href":"https:\/\/graecherhof.ch\/fr\/wp-json\/wp\/v2\/product_tag?post=8814"}],"curies":[{"name":"wp","href":"https:\/\/api.w.org\/{rel}","templated":true}]}}