{"id":8820,"date":"2022-02-15T07:29:41","date_gmt":"2022-02-15T07:29:41","guid":{"rendered":"https:\/\/dev-v2.graecherhof.ch\/product\/hannig-tirbju-balfrin\/"},"modified":"2025-01-07T13:23:08","modified_gmt":"2025-01-07T13:23:08","slug":"hannig-tirbju-balfrin","status":"publish","type":"product","link":"https:\/\/graecherhof.ch\/fr\/produit\/hannig-tirbju-balfrin\/","title":{"rendered":"Hannig &#8211; Tirbju &#8211; Balfrin"},"content":{"rendered":"<p>Chambres rustiques hannig &amp; tirbju avec vue panoramique sur les montagnes et balcon c\u00f4t\u00e9 sud. Balfrin avec poutres basses au plafond, pas de balcon. Occupation possible : Hannig 2 adultes 2 enfants, en plus lit b\u00e9b\u00e9 possible. Tirbju 2 adultes 1 enfant, possibilit\u00e9 d&rsquo;ajouter un lit simple ou un lit b\u00e9b\u00e9. Balfrin 2 adultes 1 enfant (Hannig : baignoire avec hydromassage, Tirbju+Balfrin : jacuzzi+douche).<\/p>\n","protected":false},"excerpt":{"rendered":"<p>Avec un lit King en peluche, cette chambre a \u00e9t\u00e9 con\u00e7ue et d\u00e9cor\u00e9e pour vous permettre de vous sentir \u00e0 l&rsquo;aise dans un espace confortable et vous aider \u00e0 vous rafra\u00eechir l&rsquo;esprit et le corps.<\/p>\n","protected":false},"featured_media":7724,"comment_status":"open","ping_status":"closed","template":"","meta":[],"product_brand":[],"product_cat":[69,76],"product_tag":[84],"class_list":{"0":"post-8820","1":"product","2":"type-product","3":"status-publish","4":"has-post-thumbnail","6":"product_cat-famille","7":"product_cat-standard-fr","8":"product_tag-hannig-fr","10":"first","11":"instock","12":"featured","13":"shipping-taxable","14":"purchasable","15":"product-type-ovabrw_car_rental"},"yoast_head":"<!-- This site is optimized with the Yoast SEO plugin v27.5 - https:\/\/yoast.com\/product\/yoast-seo-wordpress\/ -->\n<title>Hannig - Tirbju - Balfrin - Graecherhof<\/title>\n<meta name=\"robots\" content=\"index, follow, max-snippet:-1, max-image-preview:large, max-video-preview:-1\" \/>\n<link rel=\"canonical\" href=\"https:\/\/graecherhof.ch\/fr\/produit\/hannig-tirbju-balfrin\/\" \/>\n<meta property=\"og:locale\" content=\"fr_FR\" \/>\n<meta property=\"og:type\" content=\"article\" \/>\n<meta property=\"og:title\" content=\"Hannig - Tirbju - Balfrin - Graecherhof\" \/>\n<meta property=\"og:description\" content=\"Avec un lit King en peluche, cette chambre a \u00e9t\u00e9 con\u00e7ue et d\u00e9cor\u00e9e pour vous permettre de vous sentir \u00e0 l&#039;aise dans un espace confortable et vous aider \u00e0 vous rafra\u00eechir l&#039;esprit et le corps.\" \/>\n<meta property=\"og:url\" content=\"https:\/\/graecherhof.ch\/fr\/produit\/hannig-tirbju-balfrin\/\" \/>\n<meta property=\"og:site_name\" content=\"Graecherhof\" \/>\n<meta property=\"article:modified_time\" content=\"2025-01-07T13:23:08+00:00\" \/>\n<meta property=\"og:image\" content=\"https:\/\/graecherhof.ch\/wp-content\/uploads\/2022\/02\/2653b9a414481e527e63ab0828f0561c.jpg\" \/>\n\t<meta property=\"og:image:width\" content=\"1707\" \/>\n\t<meta property=\"og:image:height\" content=\"1707\" \/>\n\t<meta property=\"og:image:type\" content=\"image\/jpeg\" \/>\n<meta name=\"twitter:card\" content=\"summary_large_image\" \/>\n<meta name=\"twitter:label1\" content=\"Dur\u00e9e de lecture estim\u00e9e\" \/>\n\t<meta name=\"twitter:data1\" content=\"1 minute\" \/>\n<script type=\"application\/ld+json\" class=\"yoast-schema-graph\">{\"@context\":\"https:\\\/\\\/schema.org\",\"@graph\":[{\"@type\":\"WebPage\",\"@id\":\"https:\\\/\\\/graecherhof.ch\\\/fr\\\/produit\\\/hannig-tirbju-balfrin\\\/\",\"url\":\"https:\\\/\\\/graecherhof.ch\\\/fr\\\/produit\\\/hannig-tirbju-balfrin\\\/\",\"name\":\"Hannig - Tirbju - Balfrin - Graecherhof\",\"isPartOf\":{\"@id\":\"https:\\\/\\\/graecherhof.ch\\\/#website\"},\"primaryImageOfPage\":{\"@id\":\"https:\\\/\\\/graecherhof.ch\\\/fr\\\/produit\\\/hannig-tirbju-balfrin\\\/#primaryimage\"},\"image\":{\"@id\":\"https:\\\/\\\/graecherhof.ch\\\/fr\\\/produit\\\/hannig-tirbju-balfrin\\\/#primaryimage\"},\"thumbnailUrl\":\"https:\\\/\\\/graecherhof.ch\\\/wp-content\\\/uploads\\\/2022\\\/02\\\/2653b9a414481e527e63ab0828f0561c.jpg\",\"datePublished\":\"2022-02-15T07:29:41+00:00\",\"dateModified\":\"2025-01-07T13:23:08+00:00\",\"breadcrumb\":{\"@id\":\"https:\\\/\\\/graecherhof.ch\\\/fr\\\/produit\\\/hannig-tirbju-balfrin\\\/#breadcrumb\"},\"inLanguage\":\"fr-FR\",\"potentialAction\":[{\"@type\":\"ReadAction\",\"target\":[\"https:\\\/\\\/graecherhof.ch\\\/fr\\\/produit\\\/hannig-tirbju-balfrin\\\/\"]}]},{\"@type\":\"ImageObject\",\"inLanguage\":\"fr-FR\",\"@id\":\"https:\\\/\\\/graecherhof.ch\\\/fr\\\/produit\\\/hannig-tirbju-balfrin\\\/#primaryimage\",\"url\":\"https:\\\/\\\/graecherhof.ch\\\/wp-content\\\/uploads\\\/2022\\\/02\\\/2653b9a414481e527e63ab0828f0561c.jpg\",\"contentUrl\":\"https:\\\/\\\/graecherhof.ch\\\/wp-content\\\/uploads\\\/2022\\\/02\\\/2653b9a414481e527e63ab0828f0561c.jpg\",\"width\":1707,\"height\":1707,\"caption\":\"Comfortable family suite in Gr\u00e4chen, ideal for a Swiss Alps adventure\"},{\"@type\":\"BreadcrumbList\",\"@id\":\"https:\\\/\\\/graecherhof.ch\\\/fr\\\/produit\\\/hannig-tirbju-balfrin\\\/#breadcrumb\",\"itemListElement\":[{\"@type\":\"ListItem\",\"position\":1,\"name\":\"Home\",\"item\":\"https:\\\/\\\/graecherhof.ch\\\/fr\\\/\"},{\"@type\":\"ListItem\",\"position\":2,\"name\":\"Shop\",\"item\":\"https:\\\/\\\/graecherhof.ch\\\/shop\\\/\"},{\"@type\":\"ListItem\",\"position\":3,\"name\":\"Hannig &#8211; Tirbju &#8211; Balfrin\"}]},{\"@type\":\"WebSite\",\"@id\":\"https:\\\/\\\/graecherhof.ch\\\/#website\",\"url\":\"https:\\\/\\\/graecherhof.ch\\\/\",\"name\":\"Graecherhof\",\"description\":\"Hotel &amp; SPA\",\"potentialAction\":[{\"@type\":\"SearchAction\",\"target\":{\"@type\":\"EntryPoint\",\"urlTemplate\":\"https:\\\/\\\/graecherhof.ch\\\/?s={search_term_string}\"},\"query-input\":{\"@type\":\"PropertyValueSpecification\",\"valueRequired\":true,\"valueName\":\"search_term_string\"}}],\"inLanguage\":\"fr-FR\"}]}<\/script>\n<!-- \/ Yoast SEO plugin. -->","yoast_head_json":{"title":"Hannig - Tirbju - Balfrin - Graecherhof","robots":{"index":"index","follow":"follow","max-snippet":"max-snippet:-1","max-image-preview":"max-image-preview:large","max-video-preview":"max-video-preview:-1"},"canonical":"https:\/\/graecherhof.ch\/fr\/produit\/hannig-tirbju-balfrin\/","og_locale":"fr_FR","og_type":"article","og_title":"Hannig - Tirbju - Balfrin - Graecherhof","og_description":"Avec un lit King en peluche, cette chambre a \u00e9t\u00e9 con\u00e7ue et d\u00e9cor\u00e9e pour vous permettre de vous sentir \u00e0 l'aise dans un espace confortable et vous aider \u00e0 vous rafra\u00eechir l'esprit et le corps.","og_url":"https:\/\/graecherhof.ch\/fr\/produit\/hannig-tirbju-balfrin\/","og_site_name":"Graecherhof","article_modified_time":"2025-01-07T13:23:08+00:00","og_image":[{"width":1707,"height":1707,"url":"https:\/\/graecherhof.ch\/wp-content\/uploads\/2022\/02\/2653b9a414481e527e63ab0828f0561c.jpg","type":"image\/jpeg"}],"twitter_card":"summary_large_image","twitter_misc":{"Dur\u00e9e de lecture estim\u00e9e":"1 minute"},"schema":{"@context":"https:\/\/schema.org","@graph":[{"@type":"WebPage","@id":"https:\/\/graecherhof.ch\/fr\/produit\/hannig-tirbju-balfrin\/","url":"https:\/\/graecherhof.ch\/fr\/produit\/hannig-tirbju-balfrin\/","name":"Hannig - Tirbju - Balfrin - Graecherhof","isPartOf":{"@id":"https:\/\/graecherhof.ch\/#website"},"primaryImageOfPage":{"@id":"https:\/\/graecherhof.ch\/fr\/produit\/hannig-tirbju-balfrin\/#primaryimage"},"image":{"@id":"https:\/\/graecherhof.ch\/fr\/produit\/hannig-tirbju-balfrin\/#primaryimage"},"thumbnailUrl":"https:\/\/graecherhof.ch\/wp-content\/uploads\/2022\/02\/2653b9a414481e527e63ab0828f0561c.jpg","datePublished":"2022-02-15T07:29:41+00:00","dateModified":"2025-01-07T13:23:08+00:00","breadcrumb":{"@id":"https:\/\/graecherhof.ch\/fr\/produit\/hannig-tirbju-balfrin\/#breadcrumb"},"inLanguage":"fr-FR","potentialAction":[{"@type":"ReadAction","target":["https:\/\/graecherhof.ch\/fr\/produit\/hannig-tirbju-balfrin\/"]}]},{"@type":"ImageObject","inLanguage":"fr-FR","@id":"https:\/\/graecherhof.ch\/fr\/produit\/hannig-tirbju-balfrin\/#primaryimage","url":"https:\/\/graecherhof.ch\/wp-content\/uploads\/2022\/02\/2653b9a414481e527e63ab0828f0561c.jpg","contentUrl":"https:\/\/graecherhof.ch\/wp-content\/uploads\/2022\/02\/2653b9a414481e527e63ab0828f0561c.jpg","width":1707,"height":1707,"caption":"Comfortable family suite in Gr\u00e4chen, ideal for a Swiss Alps adventure"},{"@type":"BreadcrumbList","@id":"https:\/\/graecherhof.ch\/fr\/produit\/hannig-tirbju-balfrin\/#breadcrumb","itemListElement":[{"@type":"ListItem","position":1,"name":"Home","item":"https:\/\/graecherhof.ch\/fr\/"},{"@type":"ListItem","position":2,"name":"Shop","item":"https:\/\/graecherhof.ch\/shop\/"},{"@type":"ListItem","position":3,"name":"Hannig &#8211; Tirbju &#8211; Balfrin"}]},{"@type":"WebSite","@id":"https:\/\/graecherhof.ch\/#website","url":"https:\/\/graecherhof.ch\/","name":"Graecherhof","description":"Hotel &amp; SPA","potentialAction":[{"@type":"SearchAction","target":{"@type":"EntryPoint","urlTemplate":"https:\/\/graecherhof.ch\/?s={search_term_string}"},"query-input":{"@type":"PropertyValueSpecification","valueRequired":true,"valueName":"search_term_string"}}],"inLanguage":"fr-FR"}]}},"_links":{"self":[{"href":"https:\/\/graecherhof.ch\/fr\/wp-json\/wp\/v2\/product\/8820","targetHints":{"allow":["GET"]}}],"collection":[{"href":"https:\/\/graecherhof.ch\/fr\/wp-json\/wp\/v2\/product"}],"about":[{"href":"https:\/\/graecherhof.ch\/fr\/wp-json\/wp\/v2\/types\/product"}],"replies":[{"embeddable":true,"href":"https:\/\/graecherhof.ch\/fr\/wp-json\/wp\/v2\/comments?post=8820"}],"wp:featuredmedia":[{"embeddable":true,"href":"https:\/\/graecherhof.ch\/fr\/wp-json\/wp\/v2\/media\/7724"}],"wp:attachment":[{"href":"https:\/\/graecherhof.ch\/fr\/wp-json\/wp\/v2\/media?parent=8820"}],"wp:term":[{"taxonomy":"product_brand","embeddable":true,"href":"https:\/\/graecherhof.ch\/fr\/wp-json\/wp\/v2\/product_brand?post=8820"},{"taxonomy":"product_cat","embeddable":true,"href":"https:\/\/graecherhof.ch\/fr\/wp-json\/wp\/v2\/product_cat?post=8820"},{"taxonomy":"product_tag","embeddable":true,"href":"https:\/\/graecherhof.ch\/fr\/wp-json\/wp\/v2\/product_tag?post=8820"}],"curies":[{"name":"wp","href":"https:\/\/api.w.org\/{rel}","templated":true}]}}