{"id":8830,"date":"2022-02-17T07:11:12","date_gmt":"2022-02-17T07:11:12","guid":{"rendered":"https:\/\/dev-v2.graecherhof.ch\/product\/famille-classique\/"},"modified":"2025-01-07T14:12:44","modified_gmt":"2025-01-07T14:12:44","slug":"famille-classique","status":"publish","type":"product","link":"https:\/\/graecherhof.ch\/fr\/produit\/famille-classique\/","title":{"rendered":"Famille classique"},"content":{"rendered":"<div class=\"elementor-element elementor-element-d4a338a e-con-full e-flex e-con e-child\" data-id=\"d4a338a\" data-element_type=\"container\">\n<div class=\"elementor-element elementor-element-4535fe4 e-flex e-con-boxed e-con e-child\" data-id=\"4535fe4\" data-element_type=\"container\" data-settings=\"{\">\n<div class=\"e-con-inner\">\n<div class=\"elementor-element elementor-element-fa5d9a7 elementor-widget elementor-widget-text-editor\" data-id=\"fa5d9a7\" data-element_type=\"widget\" data-widget_type=\"text-editor.default\">\n<div class=\"elementor-widget-container\">\n<p>Une chambre avec vue sur la montagne et balcon c\u00f4t\u00e9 ouest et une petite salle de bain. Les enfants dorment au deuxi\u00e8me \u00e9tage accessible par des escaliers. Occupation possible : 2 adultes, 1 enfant, en plus 1 canap\u00e9-lit.<\/p>\n<\/div>\n<\/div>\n<\/div>\n<\/div>\n<\/div>\n","protected":false},"excerpt":{"rendered":"<p>Avec un lit King en peluche, cette chambre a \u00e9t\u00e9 con\u00e7ue et d\u00e9cor\u00e9e pour vous permettre de vous sentir \u00e0 l&rsquo;aise dans un espace confortable et vous aider \u00e0 vous rafra\u00eechir l&rsquo;esprit et le corps.<\/p>\n","protected":false},"featured_media":9925,"comment_status":"open","ping_status":"closed","template":"","meta":[],"product_brand":[],"product_cat":[69],"product_tag":[86],"class_list":{"0":"post-8830","1":"product","2":"type-product","3":"status-publish","4":"has-post-thumbnail","6":"product_cat-famille","7":"product_tag-famille-classique","9":"first","10":"instock","11":"featured","12":"shipping-taxable","13":"purchasable","14":"product-type-ovabrw_car_rental"},"yoast_head":"<!-- This site is optimized with the Yoast SEO plugin v27.5 - https:\/\/yoast.com\/product\/yoast-seo-wordpress\/ -->\n<title>Famille classique - Graecherhof<\/title>\n<meta name=\"robots\" content=\"index, follow, max-snippet:-1, max-image-preview:large, max-video-preview:-1\" \/>\n<link rel=\"canonical\" href=\"https:\/\/graecherhof.ch\/fr\/produit\/famille-classique\/\" \/>\n<meta property=\"og:locale\" content=\"fr_FR\" \/>\n<meta property=\"og:type\" content=\"article\" \/>\n<meta property=\"og:title\" content=\"Famille classique - Graecherhof\" \/>\n<meta property=\"og:description\" content=\"Avec un lit King en peluche, cette chambre a \u00e9t\u00e9 con\u00e7ue et d\u00e9cor\u00e9e pour vous permettre de vous sentir \u00e0 l&#039;aise dans un espace confortable et vous aider \u00e0 vous rafra\u00eechir l&#039;esprit et le corps.\" \/>\n<meta property=\"og:url\" content=\"https:\/\/graecherhof.ch\/fr\/produit\/famille-classique\/\" \/>\n<meta property=\"og:site_name\" content=\"Graecherhof\" \/>\n<meta property=\"article:modified_time\" content=\"2025-01-07T14:12:44+00:00\" \/>\n<meta property=\"og:image\" content=\"https:\/\/graecherhof.ch\/wp-content\/uploads\/2022\/02\/Gr\u201echenhof_DSC9240-1.jpg\" \/>\n\t<meta property=\"og:image:width\" content=\"1280\" \/>\n\t<meta property=\"og:image:height\" content=\"1280\" \/>\n\t<meta property=\"og:image:type\" content=\"image\/jpeg\" \/>\n<meta name=\"twitter:card\" content=\"summary_large_image\" \/>\n<meta name=\"twitter:label1\" content=\"Dur\u00e9e de lecture estim\u00e9e\" \/>\n\t<meta name=\"twitter:data1\" content=\"1 minute\" \/>\n<script type=\"application\/ld+json\" class=\"yoast-schema-graph\">{\"@context\":\"https:\\\/\\\/schema.org\",\"@graph\":[{\"@type\":\"WebPage\",\"@id\":\"https:\\\/\\\/graecherhof.ch\\\/fr\\\/produit\\\/famille-classique\\\/\",\"url\":\"https:\\\/\\\/graecherhof.ch\\\/fr\\\/produit\\\/famille-classique\\\/\",\"name\":\"Famille classique - Graecherhof\",\"isPartOf\":{\"@id\":\"https:\\\/\\\/graecherhof.ch\\\/#website\"},\"primaryImageOfPage\":{\"@id\":\"https:\\\/\\\/graecherhof.ch\\\/fr\\\/produit\\\/famille-classique\\\/#primaryimage\"},\"image\":{\"@id\":\"https:\\\/\\\/graecherhof.ch\\\/fr\\\/produit\\\/famille-classique\\\/#primaryimage\"},\"thumbnailUrl\":\"https:\\\/\\\/graecherhof.ch\\\/wp-content\\\/uploads\\\/2022\\\/02\\\/f4a2e280f5c5436cbed19b4ea5a2db7c.jpg\",\"datePublished\":\"2022-02-17T07:11:12+00:00\",\"dateModified\":\"2025-01-07T14:12:44+00:00\",\"breadcrumb\":{\"@id\":\"https:\\\/\\\/graecherhof.ch\\\/fr\\\/produit\\\/famille-classique\\\/#breadcrumb\"},\"inLanguage\":\"fr-FR\",\"potentialAction\":[{\"@type\":\"ReadAction\",\"target\":[\"https:\\\/\\\/graecherhof.ch\\\/fr\\\/produit\\\/famille-classique\\\/\"]}]},{\"@type\":\"ImageObject\",\"inLanguage\":\"fr-FR\",\"@id\":\"https:\\\/\\\/graecherhof.ch\\\/fr\\\/produit\\\/famille-classique\\\/#primaryimage\",\"url\":\"https:\\\/\\\/graecherhof.ch\\\/wp-content\\\/uploads\\\/2022\\\/02\\\/f4a2e280f5c5436cbed19b4ea5a2db7c.jpg\",\"contentUrl\":\"https:\\\/\\\/graecherhof.ch\\\/wp-content\\\/uploads\\\/2022\\\/02\\\/f4a2e280f5c5436cbed19b4ea5a2db7c.jpg\",\"width\":1280,\"height\":853,\"caption\":\"Elegant and spacious hotel room at Hotel Gr\u00e4cherhof, perfect for a Swiss Alps getaway\"},{\"@type\":\"BreadcrumbList\",\"@id\":\"https:\\\/\\\/graecherhof.ch\\\/fr\\\/produit\\\/famille-classique\\\/#breadcrumb\",\"itemListElement\":[{\"@type\":\"ListItem\",\"position\":1,\"name\":\"Home\",\"item\":\"https:\\\/\\\/graecherhof.ch\\\/fr\\\/\"},{\"@type\":\"ListItem\",\"position\":2,\"name\":\"Shop\",\"item\":\"https:\\\/\\\/graecherhof.ch\\\/shop\\\/\"},{\"@type\":\"ListItem\",\"position\":3,\"name\":\"Famille classique\"}]},{\"@type\":\"WebSite\",\"@id\":\"https:\\\/\\\/graecherhof.ch\\\/#website\",\"url\":\"https:\\\/\\\/graecherhof.ch\\\/\",\"name\":\"Graecherhof\",\"description\":\"Hotel &amp; SPA\",\"potentialAction\":[{\"@type\":\"SearchAction\",\"target\":{\"@type\":\"EntryPoint\",\"urlTemplate\":\"https:\\\/\\\/graecherhof.ch\\\/?s={search_term_string}\"},\"query-input\":{\"@type\":\"PropertyValueSpecification\",\"valueRequired\":true,\"valueName\":\"search_term_string\"}}],\"inLanguage\":\"fr-FR\"}]}<\/script>\n<!-- \/ Yoast SEO plugin. -->","yoast_head_json":{"title":"Famille classique - Graecherhof","robots":{"index":"index","follow":"follow","max-snippet":"max-snippet:-1","max-image-preview":"max-image-preview:large","max-video-preview":"max-video-preview:-1"},"canonical":"https:\/\/graecherhof.ch\/fr\/produit\/famille-classique\/","og_locale":"fr_FR","og_type":"article","og_title":"Famille classique - Graecherhof","og_description":"Avec un lit King en peluche, cette chambre a \u00e9t\u00e9 con\u00e7ue et d\u00e9cor\u00e9e pour vous permettre de vous sentir \u00e0 l'aise dans un espace confortable et vous aider \u00e0 vous rafra\u00eechir l'esprit et le corps.","og_url":"https:\/\/graecherhof.ch\/fr\/produit\/famille-classique\/","og_site_name":"Graecherhof","article_modified_time":"2025-01-07T14:12:44+00:00","og_image":[{"width":1280,"height":1280,"url":"https:\/\/graecherhof.ch\/wp-content\/uploads\/2022\/02\/Gr\u201echenhof_DSC9240-1.jpg","type":"image\/jpeg"}],"twitter_card":"summary_large_image","twitter_misc":{"Dur\u00e9e de lecture estim\u00e9e":"1 minute"},"schema":{"@context":"https:\/\/schema.org","@graph":[{"@type":"WebPage","@id":"https:\/\/graecherhof.ch\/fr\/produit\/famille-classique\/","url":"https:\/\/graecherhof.ch\/fr\/produit\/famille-classique\/","name":"Famille classique - Graecherhof","isPartOf":{"@id":"https:\/\/graecherhof.ch\/#website"},"primaryImageOfPage":{"@id":"https:\/\/graecherhof.ch\/fr\/produit\/famille-classique\/#primaryimage"},"image":{"@id":"https:\/\/graecherhof.ch\/fr\/produit\/famille-classique\/#primaryimage"},"thumbnailUrl":"https:\/\/graecherhof.ch\/wp-content\/uploads\/2022\/02\/f4a2e280f5c5436cbed19b4ea5a2db7c.jpg","datePublished":"2022-02-17T07:11:12+00:00","dateModified":"2025-01-07T14:12:44+00:00","breadcrumb":{"@id":"https:\/\/graecherhof.ch\/fr\/produit\/famille-classique\/#breadcrumb"},"inLanguage":"fr-FR","potentialAction":[{"@type":"ReadAction","target":["https:\/\/graecherhof.ch\/fr\/produit\/famille-classique\/"]}]},{"@type":"ImageObject","inLanguage":"fr-FR","@id":"https:\/\/graecherhof.ch\/fr\/produit\/famille-classique\/#primaryimage","url":"https:\/\/graecherhof.ch\/wp-content\/uploads\/2022\/02\/f4a2e280f5c5436cbed19b4ea5a2db7c.jpg","contentUrl":"https:\/\/graecherhof.ch\/wp-content\/uploads\/2022\/02\/f4a2e280f5c5436cbed19b4ea5a2db7c.jpg","width":1280,"height":853,"caption":"Elegant and spacious hotel room at Hotel Gr\u00e4cherhof, perfect for a Swiss Alps getaway"},{"@type":"BreadcrumbList","@id":"https:\/\/graecherhof.ch\/fr\/produit\/famille-classique\/#breadcrumb","itemListElement":[{"@type":"ListItem","position":1,"name":"Home","item":"https:\/\/graecherhof.ch\/fr\/"},{"@type":"ListItem","position":2,"name":"Shop","item":"https:\/\/graecherhof.ch\/shop\/"},{"@type":"ListItem","position":3,"name":"Famille classique"}]},{"@type":"WebSite","@id":"https:\/\/graecherhof.ch\/#website","url":"https:\/\/graecherhof.ch\/","name":"Graecherhof","description":"Hotel &amp; SPA","potentialAction":[{"@type":"SearchAction","target":{"@type":"EntryPoint","urlTemplate":"https:\/\/graecherhof.ch\/?s={search_term_string}"},"query-input":{"@type":"PropertyValueSpecification","valueRequired":true,"valueName":"search_term_string"}}],"inLanguage":"fr-FR"}]}},"_links":{"self":[{"href":"https:\/\/graecherhof.ch\/fr\/wp-json\/wp\/v2\/product\/8830","targetHints":{"allow":["GET"]}}],"collection":[{"href":"https:\/\/graecherhof.ch\/fr\/wp-json\/wp\/v2\/product"}],"about":[{"href":"https:\/\/graecherhof.ch\/fr\/wp-json\/wp\/v2\/types\/product"}],"replies":[{"embeddable":true,"href":"https:\/\/graecherhof.ch\/fr\/wp-json\/wp\/v2\/comments?post=8830"}],"wp:featuredmedia":[{"embeddable":true,"href":"https:\/\/graecherhof.ch\/fr\/wp-json\/wp\/v2\/media\/9925"}],"wp:attachment":[{"href":"https:\/\/graecherhof.ch\/fr\/wp-json\/wp\/v2\/media?parent=8830"}],"wp:term":[{"taxonomy":"product_brand","embeddable":true,"href":"https:\/\/graecherhof.ch\/fr\/wp-json\/wp\/v2\/product_brand?post=8830"},{"taxonomy":"product_cat","embeddable":true,"href":"https:\/\/graecherhof.ch\/fr\/wp-json\/wp\/v2\/product_cat?post=8830"},{"taxonomy":"product_tag","embeddable":true,"href":"https:\/\/graecherhof.ch\/fr\/wp-json\/wp\/v2\/product_tag?post=8830"}],"curies":[{"name":"wp","href":"https:\/\/api.w.org\/{rel}","templated":true}]}}