{"id":9574,"date":"2025-02-11T14:21:38","date_gmt":"2025-02-11T14:21:38","guid":{"rendered":"https:\/\/graecherhof.ch\/?post_type=product&#038;p=9574"},"modified":"2025-02-12T11:58:59","modified_gmt":"2025-02-12T11:58:59","slug":"studio-spa","status":"publish","type":"product","link":"https:\/\/graecherhof.ch\/fr\/produit\/studio-spa\/","title":{"rendered":"Studio SPA"},"content":{"rendered":"<p style=\"font-weight: 400;\">Nich\u00e9 dans une d\u00e9pendance exclusive situ\u00e9e juste en face de l&rsquo;h\u00f4tel Gr\u00e4cherhof, ce Studio SPA offre un refuge de tranquillit\u00e9 et de confort absolu. Vous y trouverez une atmosph\u00e8re intime, id\u00e9ale pour une escapade relaxante, tout en b\u00e9n\u00e9ficiant de l&rsquo;acc\u00e8s \u00e0 tous les services de l&rsquo;h\u00f4tel.<\/p>\n<p style=\"font-weight: 400;\">Les \u00e9quipements de ce havre de paix incluent :<\/p>\n<ul style=\"font-weight: 400;\">\n<li>1 lit double, propice au repos et \u00e0 la relaxation<\/li>\n<li>T\u00e9l\u00e9vision \u00e0 \u00e9cran plat<\/li>\n<li>Machine \u00e0 caf\u00e9 Nespresso<\/li>\n<li>Douche\/WC \u00e9l\u00e9gants<\/li>\n<li>Bain \u00e0 remous pour une exp\u00e9rience de bien-\u00eatre incomparable<\/li>\n<li>Sauna priv\u00e9 pour un moment de relaxation ultime<\/li>\n<\/ul>\n","protected":false},"excerpt":{"rendered":"<p>Nich\u00e9 dans une d\u00e9pendance exclusive situ\u00e9e juste en face de l&rsquo;h\u00f4tel Gr\u00e4cherhof, ce Studio SPA offre un refuge de tranquillit\u00e9 et de confort absolu. Vous y trouverez une atmosph\u00e8re intime, id\u00e9ale pour une escapade relaxante, tout en b\u00e9n\u00e9ficiant de l&rsquo;acc\u00e8s \u00e0 tous les services de l&rsquo;h\u00f4tel. Les \u00e9quipements de ce havre de paix incluent : [&hellip;]<\/p>\n","protected":false},"featured_media":9822,"comment_status":"open","ping_status":"closed","template":"","meta":[],"product_brand":[],"product_cat":[69],"product_tag":[105],"class_list":{"0":"post-9574","1":"product","2":"type-product","3":"status-publish","4":"has-post-thumbnail","6":"product_cat-famille","7":"product_tag-studio-spa","9":"first","10":"instock","11":"shipping-taxable","12":"product-type-ovabrw_car_rental"},"yoast_head":"<!-- This site is optimized with the Yoast SEO plugin v27.4 - https:\/\/yoast.com\/product\/yoast-seo-wordpress\/ -->\n<title>Studio SPA - Graecherhof<\/title>\n<meta name=\"robots\" content=\"index, follow, max-snippet:-1, max-image-preview:large, max-video-preview:-1\" \/>\n<link rel=\"canonical\" href=\"https:\/\/graecherhof.ch\/fr\/produit\/studio-spa\/\" \/>\n<meta property=\"og:locale\" content=\"fr_FR\" \/>\n<meta property=\"og:type\" content=\"article\" \/>\n<meta property=\"og:title\" content=\"Studio SPA - Graecherhof\" \/>\n<meta property=\"og:description\" content=\"Nich\u00e9 dans une d\u00e9pendance exclusive situ\u00e9e juste en face de l&rsquo;h\u00f4tel Gr\u00e4cherhof, ce Studio SPA offre un refuge de tranquillit\u00e9 et de confort absolu. Vous y trouverez une atmosph\u00e8re intime, id\u00e9ale pour une escapade relaxante, tout en b\u00e9n\u00e9ficiant de l&rsquo;acc\u00e8s \u00e0 tous les services de l&rsquo;h\u00f4tel. Les \u00e9quipements de ce havre de paix incluent : [&hellip;]\" \/>\n<meta property=\"og:url\" content=\"https:\/\/graecherhof.ch\/fr\/produit\/studio-spa\/\" \/>\n<meta property=\"og:site_name\" content=\"Graecherhof\" \/>\n<meta property=\"article:modified_time\" content=\"2025-02-12T11:58:59+00:00\" \/>\n<meta property=\"og:image\" content=\"https:\/\/graecherhof.ch\/wp-content\/uploads\/2025\/02\/PHOTO-2025-02-10-08-55-48.jpg\" \/>\n\t<meta property=\"og:image:width\" content=\"1536\" \/>\n\t<meta property=\"og:image:height\" content=\"2048\" \/>\n\t<meta property=\"og:image:type\" content=\"image\/jpeg\" \/>\n<meta name=\"twitter:card\" content=\"summary_large_image\" \/>\n<meta name=\"twitter:label1\" content=\"Dur\u00e9e de lecture estim\u00e9e\" \/>\n\t<meta name=\"twitter:data1\" content=\"1 minute\" \/>\n<script type=\"application\/ld+json\" class=\"yoast-schema-graph\">{\"@context\":\"https:\\\/\\\/schema.org\",\"@graph\":[{\"@type\":\"WebPage\",\"@id\":\"https:\\\/\\\/graecherhof.ch\\\/fr\\\/produit\\\/studio-spa\\\/\",\"url\":\"https:\\\/\\\/graecherhof.ch\\\/fr\\\/produit\\\/studio-spa\\\/\",\"name\":\"Studio SPA - Graecherhof\",\"isPartOf\":{\"@id\":\"https:\\\/\\\/graecherhof.ch\\\/#website\"},\"primaryImageOfPage\":{\"@id\":\"https:\\\/\\\/graecherhof.ch\\\/fr\\\/produit\\\/studio-spa\\\/#primaryimage\"},\"image\":{\"@id\":\"https:\\\/\\\/graecherhof.ch\\\/fr\\\/produit\\\/studio-spa\\\/#primaryimage\"},\"thumbnailUrl\":\"https:\\\/\\\/graecherhof.ch\\\/wp-content\\\/uploads\\\/2025\\\/02\\\/PHOTO-2025-02-10-08-55-46-2-1-1-1-1.png\",\"datePublished\":\"2025-02-11T14:21:38+00:00\",\"dateModified\":\"2025-02-12T11:58:59+00:00\",\"breadcrumb\":{\"@id\":\"https:\\\/\\\/graecherhof.ch\\\/fr\\\/produit\\\/studio-spa\\\/#breadcrumb\"},\"inLanguage\":\"fr-FR\",\"potentialAction\":[{\"@type\":\"ReadAction\",\"target\":[\"https:\\\/\\\/graecherhof.ch\\\/fr\\\/produit\\\/studio-spa\\\/\"]}]},{\"@type\":\"ImageObject\",\"inLanguage\":\"fr-FR\",\"@id\":\"https:\\\/\\\/graecherhof.ch\\\/fr\\\/produit\\\/studio-spa\\\/#primaryimage\",\"url\":\"https:\\\/\\\/graecherhof.ch\\\/wp-content\\\/uploads\\\/2025\\\/02\\\/PHOTO-2025-02-10-08-55-46-2-1-1-1-1.png\",\"contentUrl\":\"https:\\\/\\\/graecherhof.ch\\\/wp-content\\\/uploads\\\/2025\\\/02\\\/PHOTO-2025-02-10-08-55-46-2-1-1-1-1.png\",\"width\":844,\"height\":535},{\"@type\":\"BreadcrumbList\",\"@id\":\"https:\\\/\\\/graecherhof.ch\\\/fr\\\/produit\\\/studio-spa\\\/#breadcrumb\",\"itemListElement\":[{\"@type\":\"ListItem\",\"position\":1,\"name\":\"Home\",\"item\":\"https:\\\/\\\/graecherhof.ch\\\/fr\\\/\"},{\"@type\":\"ListItem\",\"position\":2,\"name\":\"Shop\",\"item\":\"https:\\\/\\\/graecherhof.ch\\\/shop\\\/\"},{\"@type\":\"ListItem\",\"position\":3,\"name\":\"Studio SPA\"}]},{\"@type\":\"WebSite\",\"@id\":\"https:\\\/\\\/graecherhof.ch\\\/#website\",\"url\":\"https:\\\/\\\/graecherhof.ch\\\/\",\"name\":\"Graecherhof\",\"description\":\"Hotel &amp; SPA\",\"potentialAction\":[{\"@type\":\"SearchAction\",\"target\":{\"@type\":\"EntryPoint\",\"urlTemplate\":\"https:\\\/\\\/graecherhof.ch\\\/?s={search_term_string}\"},\"query-input\":{\"@type\":\"PropertyValueSpecification\",\"valueRequired\":true,\"valueName\":\"search_term_string\"}}],\"inLanguage\":\"fr-FR\"}]}<\/script>\n<!-- \/ Yoast SEO plugin. -->","yoast_head_json":{"title":"Studio SPA - Graecherhof","robots":{"index":"index","follow":"follow","max-snippet":"max-snippet:-1","max-image-preview":"max-image-preview:large","max-video-preview":"max-video-preview:-1"},"canonical":"https:\/\/graecherhof.ch\/fr\/produit\/studio-spa\/","og_locale":"fr_FR","og_type":"article","og_title":"Studio SPA - Graecherhof","og_description":"Nich\u00e9 dans une d\u00e9pendance exclusive situ\u00e9e juste en face de l&rsquo;h\u00f4tel Gr\u00e4cherhof, ce Studio SPA offre un refuge de tranquillit\u00e9 et de confort absolu. Vous y trouverez une atmosph\u00e8re intime, id\u00e9ale pour une escapade relaxante, tout en b\u00e9n\u00e9ficiant de l&rsquo;acc\u00e8s \u00e0 tous les services de l&rsquo;h\u00f4tel. Les \u00e9quipements de ce havre de paix incluent : [&hellip;]","og_url":"https:\/\/graecherhof.ch\/fr\/produit\/studio-spa\/","og_site_name":"Graecherhof","article_modified_time":"2025-02-12T11:58:59+00:00","og_image":[{"width":1536,"height":2048,"url":"https:\/\/graecherhof.ch\/wp-content\/uploads\/2025\/02\/PHOTO-2025-02-10-08-55-48.jpg","type":"image\/jpeg"}],"twitter_card":"summary_large_image","twitter_misc":{"Dur\u00e9e de lecture estim\u00e9e":"1 minute"},"schema":{"@context":"https:\/\/schema.org","@graph":[{"@type":"WebPage","@id":"https:\/\/graecherhof.ch\/fr\/produit\/studio-spa\/","url":"https:\/\/graecherhof.ch\/fr\/produit\/studio-spa\/","name":"Studio SPA - Graecherhof","isPartOf":{"@id":"https:\/\/graecherhof.ch\/#website"},"primaryImageOfPage":{"@id":"https:\/\/graecherhof.ch\/fr\/produit\/studio-spa\/#primaryimage"},"image":{"@id":"https:\/\/graecherhof.ch\/fr\/produit\/studio-spa\/#primaryimage"},"thumbnailUrl":"https:\/\/graecherhof.ch\/wp-content\/uploads\/2025\/02\/PHOTO-2025-02-10-08-55-46-2-1-1-1-1.png","datePublished":"2025-02-11T14:21:38+00:00","dateModified":"2025-02-12T11:58:59+00:00","breadcrumb":{"@id":"https:\/\/graecherhof.ch\/fr\/produit\/studio-spa\/#breadcrumb"},"inLanguage":"fr-FR","potentialAction":[{"@type":"ReadAction","target":["https:\/\/graecherhof.ch\/fr\/produit\/studio-spa\/"]}]},{"@type":"ImageObject","inLanguage":"fr-FR","@id":"https:\/\/graecherhof.ch\/fr\/produit\/studio-spa\/#primaryimage","url":"https:\/\/graecherhof.ch\/wp-content\/uploads\/2025\/02\/PHOTO-2025-02-10-08-55-46-2-1-1-1-1.png","contentUrl":"https:\/\/graecherhof.ch\/wp-content\/uploads\/2025\/02\/PHOTO-2025-02-10-08-55-46-2-1-1-1-1.png","width":844,"height":535},{"@type":"BreadcrumbList","@id":"https:\/\/graecherhof.ch\/fr\/produit\/studio-spa\/#breadcrumb","itemListElement":[{"@type":"ListItem","position":1,"name":"Home","item":"https:\/\/graecherhof.ch\/fr\/"},{"@type":"ListItem","position":2,"name":"Shop","item":"https:\/\/graecherhof.ch\/shop\/"},{"@type":"ListItem","position":3,"name":"Studio SPA"}]},{"@type":"WebSite","@id":"https:\/\/graecherhof.ch\/#website","url":"https:\/\/graecherhof.ch\/","name":"Graecherhof","description":"Hotel &amp; SPA","potentialAction":[{"@type":"SearchAction","target":{"@type":"EntryPoint","urlTemplate":"https:\/\/graecherhof.ch\/?s={search_term_string}"},"query-input":{"@type":"PropertyValueSpecification","valueRequired":true,"valueName":"search_term_string"}}],"inLanguage":"fr-FR"}]}},"_links":{"self":[{"href":"https:\/\/graecherhof.ch\/fr\/wp-json\/wp\/v2\/product\/9574","targetHints":{"allow":["GET"]}}],"collection":[{"href":"https:\/\/graecherhof.ch\/fr\/wp-json\/wp\/v2\/product"}],"about":[{"href":"https:\/\/graecherhof.ch\/fr\/wp-json\/wp\/v2\/types\/product"}],"replies":[{"embeddable":true,"href":"https:\/\/graecherhof.ch\/fr\/wp-json\/wp\/v2\/comments?post=9574"}],"wp:featuredmedia":[{"embeddable":true,"href":"https:\/\/graecherhof.ch\/fr\/wp-json\/wp\/v2\/media\/9822"}],"wp:attachment":[{"href":"https:\/\/graecherhof.ch\/fr\/wp-json\/wp\/v2\/media?parent=9574"}],"wp:term":[{"taxonomy":"product_brand","embeddable":true,"href":"https:\/\/graecherhof.ch\/fr\/wp-json\/wp\/v2\/product_brand?post=9574"},{"taxonomy":"product_cat","embeddable":true,"href":"https:\/\/graecherhof.ch\/fr\/wp-json\/wp\/v2\/product_cat?post=9574"},{"taxonomy":"product_tag","embeddable":true,"href":"https:\/\/graecherhof.ch\/fr\/wp-json\/wp\/v2\/product_tag?post=9574"}],"curies":[{"name":"wp","href":"https:\/\/api.w.org\/{rel}","templated":true}]}}